{"id":856,"date":"2025-05-27T09:06:00","date_gmt":"2025-05-27T07:06:00","guid":{"rendered":"https:\/\/onesleeve.estima.site\/produkt\/pudelko-akrylowe-do-booster-boxa-lorcana-eng\/"},"modified":"2025-06-03T08:12:23","modified_gmt":"2025-06-03T06:12:23","slug":"pudelko-akrylowe-do-booster-boxa-lorcana-eng","status":"publish","type":"product","link":"https:\/\/os.estima.site\/en\/produkt\/pudelko-akrylowe-do-booster-boxa-lorcana-eng\/","title":{"rendered":"Pude\u0142ko akrylowe do Booster Box&#8217;a Lorcana ENG"},"content":{"rendered":"<p>Wykonana z wysokiej jako\u015bci akrylu, ta skrzynka ochronna do wy\u015bwietlania kart Lorcana zapewni ochron\u0119 ca\u0142ej Twojej kolekcji.<br \/>\nSzczeg\u00f3lnie sztywna dzi\u0119ki \u015bciankom o grubo\u015bci 0,6 cm i dostarczana z 1 \u015bciereczk\u0105 z mikrofibry, pozwoli Ci bezpo\u015brednio wystawi\u0107 swoje eksponaty i\/lub wkomponowa\u0107 je w dekoracj\u0119.<br \/>\nBooster Box nie jest do\u0142\u0105czony.<\/p>\n","protected":false},"excerpt":{"rendered":"<p>Wykonana z wysokiej jako\u015bci akrylu, ta skrzynka ochronna do wy\u015bwietlania kart Lorcana zapewni ochron\u0119 ca\u0142ej Twojej kolekcji. Szczeg\u00f3lnie sztywna dzi\u0119ki \u015bciankom o grubo\u015bci 0,6 cm i dostarczana z 1 \u015bciereczk\u0105 z mikrofibry, pozwoli Ci bezpo\u015brednio wystawi\u0107 swoje eksponaty i\/lub wkomponowa\u0107 je w dekoracj\u0119. Booster Box nie jest do\u0142\u0105czony.<\/p>\n","protected":false},"featured_media":0,"comment_status":"open","ping_status":"closed","template":"","meta":{"_acf_changed":false},"product_brand":[],"product_cat":[190,158,150],"product_tag":[],"class_list":{"0":"post-856","1":"product","2":"type-product","3":"status-publish","5":"product_cat-card-boxes","6":"product_cat-lorcan-card-boxes","7":"product_cat-lorcana-en","8":"pa_producent-prokases-en","9":"pa_typ-acrylic-box","11":"first","12":"outofstock","13":"purchasable","14":"product-type-simple"},"acf":[],"_links":{"self":[{"href":"https:\/\/os.estima.site\/en\/wp-json\/wp\/v2\/product\/856","targetHints":{"allow":["GET"]}}],"collection":[{"href":"https:\/\/os.estima.site\/en\/wp-json\/wp\/v2\/product"}],"about":[{"href":"https:\/\/os.estima.site\/en\/wp-json\/wp\/v2\/types\/product"}],"replies":[{"embeddable":true,"href":"https:\/\/os.estima.site\/en\/wp-json\/wp\/v2\/comments?post=856"}],"wp:attachment":[{"href":"https:\/\/os.estima.site\/en\/wp-json\/wp\/v2\/media?parent=856"}],"wp:term":[{"taxonomy":"product_brand","embeddable":true,"href":"https:\/\/os.estima.site\/en\/wp-json\/wp\/v2\/product_brand?post=856"},{"taxonomy":"product_cat","embeddable":true,"href":"https:\/\/os.estima.site\/en\/wp-json\/wp\/v2\/product_cat?post=856"},{"taxonomy":"product_tag","embeddable":true,"href":"https:\/\/os.estima.site\/en\/wp-json\/wp\/v2\/product_tag?post=856"}],"curies":[{"name":"wp","href":"https:\/\/api.w.org\/{rel}","templated":true}]}}