{"id":853,"date":"2025-05-27T09:06:00","date_gmt":"2025-05-27T07:06:00","guid":{"rendered":"https:\/\/onesleeve.estima.site\/produkt\/pudelko-akrylowe-do-booster-boxa-pokemon\/"},"modified":"2025-06-03T08:12:33","modified_gmt":"2025-06-03T06:12:33","slug":"pudelko-akrylowe-do-booster-boxa-pokemon","status":"publish","type":"product","link":"https:\/\/os.estima.site\/fr\/produkt\/pudelko-akrylowe-do-booster-boxa-pokemon\/","title":{"rendered":"Pude\u0142ko akrylowe do Booster Box&rsquo;a Pokemon"},"content":{"rendered":"<p>Przezroczysty pude\u0142ko akrylowe do Booster Box&rsquo;\u00f3w Pok\u00e9mon<\/p>\n<p>Ochrona i Prezentacja: Wysokiej jako\u015bci pude\u0142ko akrylowe do ochrony i wystawiania kart kolekcjonerskich.<br \/>\nOdporno\u015b\u0107 na czynniki zewn\u0119trzne: Nasze pojemniki akrylowe filtruj\u0105 do 98% promieni UV, zapewniaj\u0105c jednocze\u015bnie skuteczn\u0105 ochron\u0119 przed kurzem i wstrz\u0105sami.<br \/>\n\u0141atwo\u015b\u0107 u\u017cytkowania: System otwierania magnetycznego. Wygodny dost\u0119p i \u0142atwe czyszczenie.<br \/>\nPasuje do standardowych kart: Wymiary wewn\u0119trzne 138 x 79 x 124 mm, idealne do Booster Box&rsquo;\u00f3w Pok\u00e9mon.<\/p>\n","protected":false},"excerpt":{"rendered":"<p>Przezroczysty pude\u0142ko akrylowe do Booster Box&rsquo;\u00f3w Pok\u00e9mon Ochrona i Prezentacja: Wysokiej jako\u015bci pude\u0142ko akrylowe do ochrony i wystawiania kart kolekcjonerskich. Odporno\u015b\u0107 na czynniki zewn\u0119trzne: Nasze pojemniki akrylowe filtruj\u0105 do 98% promieni UV, zapewniaj\u0105c jednocze\u015bnie skuteczn\u0105 ochron\u0119 przed kurzem i wstrz\u0105sami. \u0141atwo\u015b\u0107 u\u017cytkowania: System otwierania magnetycznego. Wygodny dost\u0119p i \u0142atwe czyszczenie. Pasuje do standardowych kart: Wymiary [&hellip;]<\/p>\n","protected":false},"featured_media":0,"comment_status":"open","ping_status":"closed","template":"","meta":{"_acf_changed":false},"product_brand":[],"product_cat":[191,179,171],"product_tag":[],"class_list":{"0":"post-853","1":"product","2":"type-product","3":"status-publish","5":"product_cat-boites-a-cartes","6":"product_cat-boites-de-cartes-pokemon","7":"product_cat-pokemon-fr","8":"pa_producent-phoenix-shield-fr","9":"pa_typ-boite-en-acrylique","11":"first","12":"outofstock","13":"purchasable","14":"product-type-simple"},"acf":[],"_links":{"self":[{"href":"https:\/\/os.estima.site\/fr\/wp-json\/wp\/v2\/product\/853","targetHints":{"allow":["GET"]}}],"collection":[{"href":"https:\/\/os.estima.site\/fr\/wp-json\/wp\/v2\/product"}],"about":[{"href":"https:\/\/os.estima.site\/fr\/wp-json\/wp\/v2\/types\/product"}],"replies":[{"embeddable":true,"href":"https:\/\/os.estima.site\/fr\/wp-json\/wp\/v2\/comments?post=853"}],"wp:attachment":[{"href":"https:\/\/os.estima.site\/fr\/wp-json\/wp\/v2\/media?parent=853"}],"wp:term":[{"taxonomy":"product_brand","embeddable":true,"href":"https:\/\/os.estima.site\/fr\/wp-json\/wp\/v2\/product_brand?post=853"},{"taxonomy":"product_cat","embeddable":true,"href":"https:\/\/os.estima.site\/fr\/wp-json\/wp\/v2\/product_cat?post=853"},{"taxonomy":"product_tag","embeddable":true,"href":"https:\/\/os.estima.site\/fr\/wp-json\/wp\/v2\/product_tag?post=853"}],"curies":[{"name":"wp","href":"https:\/\/api.w.org\/{rel}","templated":true}]}}